{"id":8499,"date":"2024-11-14T15:56:04","date_gmt":"2024-11-14T20:56:05","guid":{"rendered":"https:\/\/vegetolab.com\/?post_type=product&#038;p=8499"},"modified":"2025-02-06T15:16:09","modified_gmt":"2025-02-06T20:16:09","slug":"blueray-highbush-blueberry-copie","status":"publish","type":"product","link":"https:\/\/vegetolab.com\/en\/our-products\/blueray-highbush-blueberry-copie\/","title":{"rendered":"Hannah&#8217;s Choice &#8211; Highbush Blueberry"},"content":{"rendered":"<h2>Highbush Blueberry Hannah&#8217;s Choice\u00a0&#8211; (Vaccinium corymbosum)<\/h2>\n<p>* <a href=\"https:\/\/vegetolab.com\/medias\/fiche-de-culture-bleuetier\/\" target=\"_blank\" rel=\"noopener\">Fiche d\u00e9taill\u00e9e \u00e0 t\u00e9l\u00e9charger<\/a><\/p>\n<p>&nbsp;<\/p>\n<p>Hannah&#8217;s Choice is a blueberry cultivar (Vaccinium corymbosum L.) appreciated for its early ripening, occurring about two days before the &#8216;Duke&#8217; variety. The berries are medium to large and are light to medium blue in color. They are known for their excellent firmness and sweet, sub-acid flavor with pronounced peach accents.<\/p>\n<p>&nbsp;<\/p>\n<p>The yield of &#8216;Hannah&#8217;s Choice&#8217; is moderate. It prefers cool climates and requires regular watering, as well as annual pruning and fertilization. This cultivar has shown a certain level of cold tolerance.<\/p>\n<p>&nbsp;<\/p>\n<p>A notable feature of this cultivar is its high initial firmness, which is maintained after ripening, making Hannah&#8217;s Choice well-suited to mechanical harvesting.<\/p>\n<p>&nbsp;<\/p>\n<p>In summary, &#8216;Hannah&#8217;s Choice&#8217; is an excellent choice for growers seeking an early-ripening, high-quality blueberry cultivar that is well-adapted to mechanical harvesting and has respectable cold tolerance.<\/p>\n<p>&nbsp;<\/p>\n<h6>*** Developed by the cooperative breeding program of the Agricultural Research Service of the United States Department of Agriculture (USDA) and the New Jersey Agricultural Experiment Station (NJAES), this blueberry variety results from a cross made by A.D. Draper in 1978 in Beltsville, Maryland.<\/h6>\n","protected":false},"excerpt":{"rendered":"<p>Highbush Blueberry Hannah&#8217;s Choice\u00a0&#8211; (Vaccinium corymbosum) * Fiche d\u00e9taill\u00e9e \u00e0 t\u00e9l\u00e9charger &nbsp; Hannah&#8217;s Choice is a blueberry cultivar (Vaccinium corymbosum L.) appreciated for its early ripening, occurring about two days before the &#8216;Duke&#8217; variety. The berries are medium to large and are light to medium blue in color. They are known for their excellent firmness [&hellip;]<\/p>\n","protected":false},"featured_media":0,"template":"","meta":{"_acf_changed":false,"inline_featured_image":false},"product_brand":[],"product_cat":[268,269],"product_tag":[509,538,488],"class_list":{"0":"post-8499","1":"product","2":"type-product","3":"status-publish","5":"product_cat-blueberry-en","6":"product_cat-highbush-blueberry-for-hand-harvesting-en","7":"product_tag-blue-fruit-en","8":"product_tag-blueberry","9":"product_tag-large-fruit-en","11":"first","12":"instock","13":"taxable","14":"shipping-taxable","15":"purchasable","16":"product-type-variable"},"group_of_quantity":0,"min_quantity":0,"max_quantity":"","exclude_order_quantity_value_rules":"no","exclude_category_quantity_rules":"no","combine_variations":"no","acf":[],"aioseo_notices":[],"_links":{"self":[{"href":"https:\/\/vegetolab.com\/en\/wp-json\/wp\/v2\/product\/8499","targetHints":{"allow":["GET"]}}],"collection":[{"href":"https:\/\/vegetolab.com\/en\/wp-json\/wp\/v2\/product"}],"about":[{"href":"https:\/\/vegetolab.com\/en\/wp-json\/wp\/v2\/types\/product"}],"wp:attachment":[{"href":"https:\/\/vegetolab.com\/en\/wp-json\/wp\/v2\/media?parent=8499"}],"wp:term":[{"taxonomy":"product_brand","embeddable":true,"href":"https:\/\/vegetolab.com\/en\/wp-json\/wp\/v2\/product_brand?post=8499"},{"taxonomy":"product_cat","embeddable":true,"href":"https:\/\/vegetolab.com\/en\/wp-json\/wp\/v2\/product_cat?post=8499"},{"taxonomy":"product_tag","embeddable":true,"href":"https:\/\/vegetolab.com\/en\/wp-json\/wp\/v2\/product_tag?post=8499"}],"curies":[{"name":"wp","href":"https:\/\/api.w.org\/{rel}","templated":true}]}}