{"id":6161,"date":"2018-02-21T21:47:55","date_gmt":"2018-02-22T02:47:55","guid":{"rendered":"https:\/\/vegetolab.com\/produits\/pascha-male-actinidia-kolomikta\/"},"modified":"2024-04-29T09:20:51","modified_gmt":"2024-04-29T13:20:51","slug":"pascha-male-kiwi-actinidia-kolomikta","status":"publish","type":"product","link":"https:\/\/vegetolab.com\/en\/our-products\/pascha-male-kiwi-actinidia-kolomikta\/","title":{"rendered":"Pascha (Male) &#8211; Kiwi kolomikta"},"content":{"rendered":"<h2>Hardy Kiwi Pascha &#8211; Actinidia kolomikta<\/h2>\n<p>* <a href=\"https:\/\/vegetolab.com\/medias\/fiche-de-culture-kiwi\/\" target=\"_blank\" rel=\"noopener\">Fiche d\u00e9taill\u00e9e \u00e0 t\u00e9l\u00e9charger<\/a><\/p>\n<p>&nbsp;<\/p>\n<p>The Pascha variety has decorative foliage adorned with white, pink and silver-gray spots during the summer.<\/p>\n<p>&nbsp;<\/p>\n<p>Given its hardiness of zone 4, Pascha must be sheltered from the wind and accumulated snow on the ground. Its soil must be well drained, rich and cool. We suggest an exposure to the sun.<\/p>\n<p>&nbsp;<\/p>\n<p>It is a male selection, so it will not bear fruit but is essential to pollinate the variety September Sun.<\/p>\n<p>&nbsp;<\/p>\n<h3>Generalities Hardy Kiwi<\/h3>\n<p>&nbsp;<\/p>\n<p>Arctic kiwi (Actinidia kolomikta) is a very robust and vigorous dioecious plant, requiring both male and female plants to produce fruit.<\/p>\n<p>The fruit is smaller than in kiwai (Actinidia arguta) but the plants start producing at the age of 2 or 3 years.<\/p>\n<p>The female plants produce ovoid fruits of the size of a large grape, very rich in vitamin C and potassium.<\/p>\n<p>It is necessary to pick the fruit before its maturity because the ripe fruits tend to fall on the ground.<\/p>\n<p>This mini kiwi is resistant to winter frost down to -40 Celsius.<\/p>\n","protected":false},"excerpt":{"rendered":"<p>Hardy Kiwi Pascha &#8211; Actinidia kolomikta * Fiche d\u00e9taill\u00e9e \u00e0 t\u00e9l\u00e9charger &nbsp; The Pascha variety has decorative foliage adorned with white, pink and silver-gray spots during the summer. &nbsp; Given its hardiness of zone 4, Pascha must be sheltered from the wind and accumulated snow on the ground. Its soil must be well drained, rich [&hellip;]<\/p>\n","protected":false},"featured_media":0,"template":"","meta":{"_acf_changed":false,"inline_featured_image":false},"product_brand":[],"product_cat":[292,294],"product_tag":[582,497],"class_list":{"0":"post-6161","1":"product","2":"type-product","3":"status-publish","5":"product_cat-kiwi-hardy-en","6":"product_cat-kolomikta-family-en","7":"product_tag-kiwi-en","8":"product_tag-pollinator","10":"first","11":"instock","12":"taxable","13":"shipping-taxable","14":"purchasable","15":"product-type-variable"},"group_of_quantity":0,"min_quantity":0,"max_quantity":"","exclude_order_quantity_value_rules":"no","exclude_category_quantity_rules":"no","combine_variations":"no","acf":[],"aioseo_notices":[],"_links":{"self":[{"href":"https:\/\/vegetolab.com\/en\/wp-json\/wp\/v2\/product\/6161","targetHints":{"allow":["GET"]}}],"collection":[{"href":"https:\/\/vegetolab.com\/en\/wp-json\/wp\/v2\/product"}],"about":[{"href":"https:\/\/vegetolab.com\/en\/wp-json\/wp\/v2\/types\/product"}],"wp:attachment":[{"href":"https:\/\/vegetolab.com\/en\/wp-json\/wp\/v2\/media?parent=6161"}],"wp:term":[{"taxonomy":"product_brand","embeddable":true,"href":"https:\/\/vegetolab.com\/en\/wp-json\/wp\/v2\/product_brand?post=6161"},{"taxonomy":"product_cat","embeddable":true,"href":"https:\/\/vegetolab.com\/en\/wp-json\/wp\/v2\/product_cat?post=6161"},{"taxonomy":"product_tag","embeddable":true,"href":"https:\/\/vegetolab.com\/en\/wp-json\/wp\/v2\/product_tag?post=6161"}],"curies":[{"name":"wp","href":"https:\/\/api.w.org\/{rel}","templated":true}]}}