{"id":6044,"date":"2021-03-03T12:38:46","date_gmt":"2021-03-03T17:38:46","guid":{"rendered":"https:\/\/vegetolab.com\/produits\/gooseberry-groseillier-ribes-uva-crispa\/"},"modified":"2026-01-11T06:20:36","modified_gmt":"2026-01-11T11:20:36","slug":"sebastien-gooseberry-ribes-uva-crispa","status":"publish","type":"product","link":"https:\/\/vegetolab.com\/en\/our-products\/sebastien-gooseberry-ribes-uva-crispa\/","title":{"rendered":"Sebastien Gooseberry"},"content":{"rendered":"<h2>Gooseberry S\u00e9bastien &#8211; (Ribes uva crispa)<\/h2>\n<p>* <a href=\"https:\/\/vegetolab.com\/medias\/fiche-de-culture-gadellier-et-groseillier\/\" target=\"_blank\" rel=\"noopener\">Fiche d\u00e9taill\u00e9e \u00e0 t\u00e9l\u00e9charger<\/a><\/p>\n<p>&nbsp;<\/p>\n<p>S\u00e9bastien is a Canadian variety developed at the Agriculture and Agri-Food Canada research station in Ottawa. The plant is not very thorny, very vigorous and productive.<\/p>\n<p>&nbsp;<\/p>\n<p>The berries are reddish and of medium size. Average sensitivity to powdery mildew. Generally, the fruits of the currant are harvested according to the cultivars from the end of July to the beginning of August.<\/p>\n<p>&nbsp;<\/p>\n<p>&nbsp;<\/p>\n<h3>Generalities Gooseberries<\/h3>\n<p>&nbsp;<\/p>\n<p>Gooseberries are nutritious berries that offer many health benefits. The fruits are large and globular, with translucent skin that gives them a jewel-like appearance.<\/p>\n<p>The European and American varieties &#8211; Ribes uva-crispa and Ribes hirtellum, respectively &#8211; are the most common types. Both are closely related to black, red and white currants.<\/p>\n<p>Currant fruits are small, weighing about 0.1 to 0.2 ounces (3 to 6 grams) each. They vary in color and can be green, yellow-white, pink, red or dark purple. Their flavor ranges from tart to sweet.<\/p>\n<p>Gooseberries are edible and can be eaten as is, or used as an ingredient in desserts, such as pies. Early pickings are usually tart and best suited for culinary use.<\/p>\n<p>They are also used to flavor beverages such as sodas, flavored waters or milk, and can be made into fruit wines and teas. Gooseberries can be preserved as jams, dried fruit or, surprisingly, as a main ingredient in marinades.<\/p>\n","protected":false},"excerpt":{"rendered":"<p>Gooseberry S\u00e9bastien &#8211; (Ribes uva crispa) * Fiche d\u00e9taill\u00e9e \u00e0 t\u00e9l\u00e9charger &nbsp; S\u00e9bastien is a Canadian variety developed at the Agriculture and Agri-Food Canada research station in Ottawa. The plant is not very thorny, very vigorous and productive. &nbsp; The berries are reddish and of medium size. Average sensitivity to powdery mildew. Generally, the fruits [&hellip;]<\/p>\n","protected":false},"featured_media":0,"template":"","meta":{"_acf_changed":false,"inline_featured_image":false},"product_brand":[],"product_cat":[290,625],"product_tag":[],"class_list":{"0":"post-6044","1":"product","2":"type-product","3":"status-publish","5":"product_cat-gooseberry-en","6":"product_cat-red-fruit-en-en","8":"first","9":"outofstock","10":"taxable","11":"shipping-taxable","12":"purchasable","13":"product-type-variable"},"group_of_quantity":0,"min_quantity":0,"max_quantity":"","exclude_order_quantity_value_rules":"no","exclude_category_quantity_rules":"no","combine_variations":"no","acf":[],"aioseo_notices":[],"_links":{"self":[{"href":"https:\/\/vegetolab.com\/en\/wp-json\/wp\/v2\/product\/6044","targetHints":{"allow":["GET"]}}],"collection":[{"href":"https:\/\/vegetolab.com\/en\/wp-json\/wp\/v2\/product"}],"about":[{"href":"https:\/\/vegetolab.com\/en\/wp-json\/wp\/v2\/types\/product"}],"wp:attachment":[{"href":"https:\/\/vegetolab.com\/en\/wp-json\/wp\/v2\/media?parent=6044"}],"wp:term":[{"taxonomy":"product_brand","embeddable":true,"href":"https:\/\/vegetolab.com\/en\/wp-json\/wp\/v2\/product_brand?post=6044"},{"taxonomy":"product_cat","embeddable":true,"href":"https:\/\/vegetolab.com\/en\/wp-json\/wp\/v2\/product_cat?post=6044"},{"taxonomy":"product_tag","embeddable":true,"href":"https:\/\/vegetolab.com\/en\/wp-json\/wp\/v2\/product_tag?post=6044"}],"curies":[{"name":"wp","href":"https:\/\/api.w.org\/{rel}","templated":true}]}}