{"id":6211,"date":"2022-01-13T17:12:42","date_gmt":"2022-01-13T22:12:42","guid":{"rendered":"https:\/\/vegetolab.com\/?page_id=6211"},"modified":"2022-01-13T17:17:45","modified_gmt":"2022-01-13T22:17:45","slug":"general-terms-conditions-of-sale","status":"publish","type":"page","link":"https:\/\/vegetolab.com\/en\/general-terms-conditions-of-sale\/","title":{"rendered":"General terms conditions of sale"},"content":{"rendered":"\n<h3 class=\"wp-block-heading\"><strong>Terms and conditions<\/strong><\/h3>\n\n\n\n<p>V\u00e9g\u00e9tolab inc. hereinafter referred to as &#8216;Vendor&#8217; and the Purchaser agree that the terms and conditions of sale constitute a contract between the parties upon the signing of an agreement and\/or upon the payment of a deposit corresponding to 30% of the total order.<\/p>\n\n\n\n<p>The prices indicated on the plant submission form are subject to change without notice. Only a reservation with a deposit paid is not subject to this clause. Prices are EXW plus various charges for packaging (5%), handling, transportation, etc..<\/p>\n\n\n\n<p>The prices indicated on the plant submission form are subject to change without notice. Only a reservation with a deposit paid is not subject to this clause. Prices are EXW plus various charges for packaging (5%), handling, transportation, etc..<\/p>\n\n\n\n<p>If for any reason Buyer decides not to take delivery of an order during the agreed upon shipping season, Buyer agrees to pay a maintenance and administration fee to Seller who will endeavor to maintain the plants in good condition prior to final delivery. In no event shall Seller be liable for any deterioration of plants that may occur due to Buyer&#8217;s choice not to take delivery prior to October 1 of the agreed upon shipping season.<\/p>\n\n\n\n<h3 class=\"wp-block-heading\"><strong>Our products<\/strong><\/h3>\n\n\n\n<p>The height of the plants can vary and is given as an indication.&nbsp; The Seller guarantees that all plants sold are as described in the invoice. An inspection is made at our facilities before the plants leave.&nbsp; Plants will be in good condition and visibly free of insect pests and plant diseases at the time of shipment. The Seller cannot guarantee the detection of plant diseases, viruses and\/or non-visible defects. We certify that they are visually free of pests and diseases.<\/p>\n\n\n\n<p>The Seller cannot guarantee the growth and yield of the plants once they have left our facilities due to a large number of factors beyond its control such as: maintenance of the plants before planting, watering, type of soil, drainage of the crop, temperature, fertilization and chemical treatments, soil preparation, etc. .<\/p>\n\n\n\n<h3 class=\"wp-block-heading\"><strong>Guarantee<\/strong><\/h3>\n\n\n\n<p>The Seller guarantees that its products are in good condition and properly identified when leaving our facilities as described on the invoice. In case of incorrect identification, the Seller&#8217;s responsibility is limited to the value of the plant. The Buyer has 10 days from the day of receipt of the plants to send in writing any complaint regarding the purchased plants. The Buyer is responsible for maintaining the plants purchased in good growing condition during this period. V\u00e9g\u00e9tolab inc. will replace or reimburse, at its convenience, the non-conforming plants.&nbsp; The responsibility of V\u00e9g\u00e9tolab inc. shall in no case exceed the value of the plants purchased\/delivered. After this period, the Buyer accepts the product as is.<\/p>\n\n\n\n<h3 class=\"wp-block-heading\"><strong>Delivery<\/strong><\/h3>\n\n\n\n<p>The organization of the delivery is under the responsibility of the Buyer. To accommodate the customer, V\u00e9g\u00e9tolab inc. can take care of the transportation at the request of the Buyer and at the expense of the customer.&nbsp; The customer will then benefit from the discount\/transportation that V\u00e9g\u00e9tolab inc. has negotiated with the carrier.<\/p>\n\n\n\n<p>V\u00e9g\u00e9tolab inc. cannot be held responsible for the condition of the plants when they arrive at the customer&#8217;s home. <strong>Please notify the carrier of any damage to the merchandise.<\/strong><\/p>\n\n\n\n<h3 class=\"wp-block-heading\"><strong>Reservation of plants<\/strong><\/h3>\n\n\n\n<p>The minimum order is $1 000.00 before taxes and royalties and a minimum of one tray per cultivar.<\/p>\n\n\n\n<p>A 30% deposit is required to establish the reservation of plants and is non-refundable in case of cancellation by the customer.&nbsp; In case of cancellation after February 28, a fee may be charged to the buyer.<\/p>\n\n\n\n<p>You may pay your 30% deposit and final payment by Access D, credit card or check.<\/p>\n\n\n\n<h3 class=\"wp-block-heading\"><strong>Terms of payment<\/strong><\/h3>\n\n\n\n<p>Final payment of the invoice must be made 1 month before delivery.<\/p>\n\n\n\n<h3 class=\"wp-block-heading\"><strong>Commitment not to multiply the plants<\/strong><\/h3>\n\n\n\n<p>The plants sold under license are strictly forbidden to be multiplied regardless of the methods used and the future use (personal or resale). Sanctions may be applied to any offender.&nbsp; The buyer is bound by this condition from the moment of the signature of a purchase contract or the payment of an amount for the reservation of the plants.<\/p>\n\n\n\n<p>The buyer agrees to receive an inspector on behalf of the hybridizer or his representative at any time and without notice for inspection purposes.<\/p>\n\n\n\n<h3 class=\"wp-block-heading\"><strong>Application of laws<\/strong><\/h3>\n\n\n\n<p>In the event of any dispute concerning this sale, the laws and regulations of Quebec are applicable and the dispute must be settled on the territory of Quebec.<\/p>\n\n\n\n<h3 class=\"wp-block-heading\"><strong>For more informations&nbsp;:<\/strong><\/h3>\n\n\n\n<p><strong>Sales department<\/strong><\/p>\n\n\n\n<p><strong>Toll free line 1-888-347-1738 ext&nbsp;: 221<\/strong><\/p>\n\n\n\n<p><strong>Email&nbsp;: <\/strong><a href=\"mailto:vente@vegetolab.com\"><strong>vente@vegetolab.com<\/strong><\/a><strong>  www.vegetolab.com<\/strong><\/p>\n","protected":false},"excerpt":{"rendered":"<p>Terms and conditions V\u00e9g\u00e9tolab inc. hereinafter referred to as &#8216;Vendor&#8217; and the Purchaser agree that the terms and conditions of sale constitute a contract between the parties upon the signing of an agreement and\/or upon the payment of a deposit corresponding to 30% of the total order. The prices indicated on the plant submission form [&hellip;]<\/p>\n","protected":false},"author":4,"featured_media":0,"parent":0,"menu_order":0,"comment_status":"closed","ping_status":"closed","template":"","meta":{"_acf_changed":false,"inline_featured_image":false,"footnotes":""},"class_list":["post-6211","page","type-page","status-publish","hentry"],"acf":[],"aioseo_notices":[],"_links":{"self":[{"href":"https:\/\/vegetolab.com\/en\/wp-json\/wp\/v2\/pages\/6211","targetHints":{"allow":["GET"]}}],"collection":[{"href":"https:\/\/vegetolab.com\/en\/wp-json\/wp\/v2\/pages"}],"about":[{"href":"https:\/\/vegetolab.com\/en\/wp-json\/wp\/v2\/types\/page"}],"author":[{"embeddable":true,"href":"https:\/\/vegetolab.com\/en\/wp-json\/wp\/v2\/users\/4"}],"replies":[{"embeddable":true,"href":"https:\/\/vegetolab.com\/en\/wp-json\/wp\/v2\/comments?post=6211"}],"version-history":[{"count":2,"href":"https:\/\/vegetolab.com\/en\/wp-json\/wp\/v2\/pages\/6211\/revisions"}],"predecessor-version":[{"id":6215,"href":"https:\/\/vegetolab.com\/en\/wp-json\/wp\/v2\/pages\/6211\/revisions\/6215"}],"wp:attachment":[{"href":"https:\/\/vegetolab.com\/en\/wp-json\/wp\/v2\/media?parent=6211"}],"curies":[{"name":"wp","href":"https:\/\/api.w.org\/{rel}","templated":true}]}}